{"id":20,"date":"2021-03-16T08:11:22","date_gmt":"2021-03-16T08:11:22","guid":{"rendered":"https:\/\/www.levendula.nagyhegyes.hu\/?page_id=20"},"modified":"2024-01-15T08:47:13","modified_gmt":"2024-01-15T08:47:13","slug":"kapcsolat","status":"publish","type":"page","link":"https:\/\/levendula.nagyhegyes.hu\/?page_id=20","title":{"rendered":"Kapcsolat"},"content":{"rendered":"\n<p>C\u00edm: 4064 Nagyhegyes, Alkotm\u00e1ny utca 3.<\/p>\n\n\n\n<p>Gondnok: \u00a0Kapusin\u00e9 Ferenczi M\u00e1ria<\/p>\n\n\n\n<p>Telefonsz\u00e1m: +36-30-153-43-41<\/p>\n\n\n\n<p>Aj\u00e1nlatk\u00e9r\u00e9s a k\u00f6vetkez\u0151 email c\u00edmen lehets\u00e9ges: \u00a0<a href=\"mailto:levendula.apartman4064@gmail.com\">nhapartman@gmail.com<\/a><\/p>\n\n\n\n<p>A Levendula Apartman el\u00e9rhet\u0151 a Szallas.hu fel\u00fclet\u00e9n is. Eg\u00e9sz \u00e9vben foglalhat\u00f3.<\/p>\n\n\n\n<p>Fizet\u00e9si lehet\u0151s\u00e9gek: k\u00e9szp\u00e9nz, \u00e1tutal\u00e1s, bankk\u00e1rtya, SZ\u00c9P-k\u00e1rtya.<\/p>\n\n\n\n<figure class=\"wp-block-image size-large\"><img loading=\"lazy\" decoding=\"async\" width=\"369\" height=\"232\" src=\"https:\/\/www.levendula.nagyhegyes.hu\/wp-content\/uploads\/2021\/03\/Szepkartya.jpg\" alt=\"\" class=\"wp-image-135\"\/><\/figure>\n","protected":false},"excerpt":{"rendered":"<p>C\u00edm: 4064 Nagyhegyes, Alkotm\u00e1ny utca 3. Gondnok: \u00a0Kapusin\u00e9 Ferenczi M\u00e1ria<span class=\"more-dots\"><a href=\"https:\/\/levendula.nagyhegyes.hu\/?page_id=20\">[ &#8230; ]<\/span><\/a><\/p>\n","protected":false},"author":1,"featured_media":0,"parent":0,"menu_order":0,"comment_status":"closed","ping_status":"closed","template":"","meta":{"footnotes":""},"class_list":["post-20","page","type-page","status-publish","hentry"],"_links":{"self":[{"href":"https:\/\/levendula.nagyhegyes.hu\/index.php?rest_route=\/wp\/v2\/pages\/20","targetHints":{"allow":["GET"]}}],"collection":[{"href":"https:\/\/levendula.nagyhegyes.hu\/index.php?rest_route=\/wp\/v2\/pages"}],"about":[{"href":"https:\/\/levendula.nagyhegyes.hu\/index.php?rest_route=\/wp\/v2\/types\/page"}],"author":[{"embeddable":true,"href":"https:\/\/levendula.nagyhegyes.hu\/index.php?rest_route=\/wp\/v2\/users\/1"}],"replies":[{"embeddable":true,"href":"https:\/\/levendula.nagyhegyes.hu\/index.php?rest_route=%2Fwp%2Fv2%2Fcomments&post=20"}],"version-history":[{"count":6,"href":"https:\/\/levendula.nagyhegyes.hu\/index.php?rest_route=\/wp\/v2\/pages\/20\/revisions"}],"predecessor-version":[{"id":161,"href":"https:\/\/levendula.nagyhegyes.hu\/index.php?rest_route=\/wp\/v2\/pages\/20\/revisions\/161"}],"wp:attachment":[{"href":"https:\/\/levendula.nagyhegyes.hu\/index.php?rest_route=%2Fwp%2Fv2%2Fmedia&parent=20"}],"curies":[{"name":"wp","href":"https:\/\/api.w.org\/{rel}","templated":true}]}}