{"id":17,"date":"2021-03-16T08:11:22","date_gmt":"2021-03-16T08:11:22","guid":{"rendered":"https:\/\/www.levendula.nagyhegyes.hu\/?page_id=17"},"modified":"2021-03-17T07:08:17","modified_gmt":"2021-03-17T07:08:17","slug":"latnivalok","status":"publish","type":"page","link":"https:\/\/levendula.nagyhegyes.hu\/?page_id=17","title":{"rendered":"L\u00e1tnival\u00f3k"},"content":{"rendered":"\n<p><a href=\"https:\/\/nagyhegyes.asp.lgov.hu\/\">Nagyhegyes<\/a> 2864 lelkes k\u00f6zs\u00e9g az Alf\u00f6ld nagy kiterjed\u00e9s\u0171 t\u00e1jegys\u00e9g\u00e9n helyezkedik el, a Hortob\u00e1gy keleti sz\u00e9l\u00e9n, a Hajd\u00fas\u00e1g d\u00e9lnyugati hat\u00e1r\u00e1n, a Debrecen-Hajd\u00faszoboszl\u00f3-Balmaz\u00fajv\u00e1ros v\u00e1rosok \u00e1ltal meghat\u00e1rozott urbaniz\u00e1ci\u00f3s k\u00f6rnyezetben. K\u00f6z\u00faton Debrecent\u0151l nyugati ir\u00e1nyban 24, Hajd\u00faszoboszl\u00f3t\u00f3l \u00e9szaki ir\u00e1nyban 11, m\u00edg Balmaz\u00fajv\u00e1rost\u00f3l d\u00e9li ir\u00e1nyban 9 kilom\u00e9terre tal\u00e1lhat\u00f3.<\/p>\n\n\n\n<p>A k\u00f6zs\u00e9g \u00c1rp\u00e1d-kori eredet\u0171. Egyik els\u0151 eml\u00edt\u00e9se Hegyesegyh\u00e1zas n\u00e9ven t\u00f6rt\u00e9nik, ami arra utal, hogy m\u00e1r akkor templommal rendelkez\u0151, jelent\u0151s helys\u00e9g volt. A t\u00f6r\u00f6k id\u0151kben ez a korai telep\u00fcl\u00e9s elpusztult, lak\u00f3i a k\u00f6zeli Debrecenben kerestek mened\u00e9ket. A 19. sz\u00e1zad v\u00e9g\u00e9re 20. sz\u00e1zad elej\u00e9re kiterjedt tanyavil\u00e1g alakult ki. Nagyhegyes 1952. janu\u00e1r 1-j\u00e9n alakult meg. Az\u00f3ta egy szab\u00e1lyos utcah\u00e1l\u00f3zat\u00fa, rendezett k\u00e9pet mutat\u00f3, fejlett int\u00e9zm\u00e9nyi- (b\u00f6lcs\u0151de, \u00f3voda, iskola, eg\u00e9szs\u00e9g\u00fcgyi centrum, id\u0151sek h\u00e1za, m\u0171vel\u0151d\u00e9si h\u00e1z, rendezv\u00e9nyh\u00e1z), teljes \u00fat- \u00e9s k\u00f6zm\u0171h\u00e1l\u00f3zattal rendelkez\u0151 telep\u00fcl\u00e9ss\u00e9 \u00e9p\u00fclt ki. Az ut\u00f3bbi \u00e9vtizedekben a k\u00f6zs\u00e9g a k\u00f6rny\u00e9k v\u00e1rosaib\u00f3l sok betelep\u00fcl\u0151t vonzott.<\/p>\n\n\n\n<p>Ker\u00e9kp\u00e1roz\u00e1s mellett elhivatott telep\u00fcl\u00e9sk\u00e9nt Nagyhegyes t\u00f6bb, mint 10 km \u00f6sszef\u00fcgg\u0151 ker\u00e9kp\u00e1r\u00fattal rendelkezik, k\u00f6zvetlen ker\u00e9kp\u00e1r\u00fat vezet Balmaz\u00fajv\u00e1rosra \u00e9s Hajd\u00faszoboszl\u00f3ra. Folyamatban van a Nagyhegyes-Debrecen ker\u00e9kp\u00e1r\u00fat \u00e9p\u00edt\u00e9se. A DKSI (Debreceni Ker\u00e9kp\u00e1ros Sport \u00e9s Szabadid\u0151s Ifj\u00fas\u00e1gi Egyes\u00fclet) t\u00f6bb versenye n\u00e1lunk ker\u00fclt megrendez\u00e9sre, valamint a Tour de Hongrie Magyar Ker\u00e9kp\u00e1ros K\u00f6rverseny szakasza m\u00e1r h\u00e1rom alkalommal \u00e9rintette telep\u00fcl\u00e9s\u00fcnket. K\u00f6zs\u00e9g\u00fcnk n\u00e9pszer\u0171s\u00edt\u00e9se \u00e9rdek\u00e9ben Nagyhegyes k\u00f6zigazgat\u00e1si ter\u00fclet\u00e9nek 5 pontj\u00e1n ker\u00fcltek elhelyez\u00e9sre turisztikai t\u00e1bl\u00e1k, valamint egy Bringatorony, melyek ker\u00e9kp\u00e1rral t\u00f6rt\u00e9n\u0151 megl\u00e1togat\u00e1sa kellemes csal\u00e1di, bar\u00e1ti programk\u00e9nt szolg\u00e1lnak.<\/p>\n\n\n\n<p>A falu hat\u00e1r\u00e1ban tal\u00e1lhat\u00f3, az \u00f6nkorm\u00e1nyzat tulajdon\u00e1t k\u00e9pez\u0151 orsz\u00e1gosan is egyed\u00fcl\u00e1ll\u00f3 <a href=\"https:\/\/nagyhegyes.asp.lgov.hu\/krater\">Kr\u00e1ter-t\u00f3<\/a>, az ott kialak\u00edtott Olajipari Eml\u00e9khellyel. 1961. augusztus 23-\u00e1n g\u00e1zk\u00fat-f\u00far\u00e1s k\u00f6zben hatalmas g\u00e1zkit\u00f6r\u00e9s keletkezett a Pece-\u00e9rt\u0151l d\u00e9lre. A k\u00fat kit\u00f6r\u00e9se f\u00e9lelmetes l\u00e1tv\u00e1nyt ny\u00fajtott, s k\u00f6zvetlen k\u00f6rnyezet\u00e9ben igen nagy k\u00e1rokat okozott. Perzsel\u0151 l\u00e1ngoszlopa messze kilom\u00e9terekre ell\u00e1tszott. Hely\u00e9n keletkezett a Kr\u00e1ter-t\u00f3, melynek m\u00e9ly\u00e9n m\u00e9g ma is ott van a kit\u00f6r\u00e9sekor els\u00fcllyedt f\u00far\u00f3torony. A horg\u00e1szok, de a kir\u00e1ndulni, t\u00far\u00e1zni v\u00e1gy\u00f3k sz\u00e1m\u00e1ra is ide\u00e1lis pihen\u0151hely.<\/p>\n\n\n\n<p>Telep\u00fcl\u00e9s\u00fcnk k\u00f6zigazgat\u00e1si hat\u00e1r\u00e1t kett\u00e9szel\u0151 Keleti-f\u0151csatorna a pihenni \u00e9s kikapcsol\u00f3dni v\u00e1gy\u00f3knak ny\u00fajt fel\u00fcd\u00fcl\u00e9st horg\u00e1szhelyeivel, h\u00e9tv\u00e9gi h\u00e1zaival. A Keleti-f\u0151csatorn\u00e1t\u00f3l nyugatra, m\u00e9g nagyhegyesi k\u00f6zigazgat\u00e1si ter\u00fclet\u00e9n ter\u00fcl el az orsz\u00e1g els\u0151 nemzeti parkj\u00e1nak, a Hortob\u00e1gyi Nemzeti Parknak egy r\u00e9sze, melynek l\u00e1tnival\u00f3i a term\u00e9szet kedvel\u0151inek felejthetetlen \u00e9lm\u00e9nyt ny\u00fajtanak. A telep\u00fcl\u00e9s legr\u00e9gebbi \u00e9p\u00fclete \u00e9s egyben idegenforgalmi l\u00e1tv\u00e1nyoss\u00e1ga a 33-as \u00fat ment\u00e9n, k\u00fclter\u00fcleten \u00e1ll\u00f3 <a href=\"https:\/\/nagyhegyes.asp.lgov.hu\/kadarcsi-csarda\">Kadarcsi cs\u00e1rda<\/a>. A klasszicista st\u00edlus\u00fa \u00e9p\u00fclet az egykori hortob\u00e1gyi cs\u00e1rdah\u00e1l\u00f3zat tagja volt.<\/p>\n\n\n\n<p>A vid\u00e9k n\u00e9prajzi \u00e9rt\u00e9keivel a <a href=\"https:\/\/nagyhegyes.asp.lgov.hu\/tajhaz\">T\u00e1jh\u00e1zban<\/a> ismerkedhet meg az ide l\u00e1togat\u00f3. A k\u00f6zs\u00e9g <a href=\"https:\/\/nagyhegyes.asp.lgov.hu\/okumenikus-templom\">\u00f6kumenikus temploma<\/a> 1996-ban \u00e9p\u00fclt, kertj\u00e9ben eml\u00e9km\u0171vek tal\u00e1lhat\u00f3k. A falu k\u00f6zpontj\u00e1ban helyezkedik el a Kosztol\u00e1nyi Eml\u00e9kpark, mely telep\u00fcl\u00e9s\u00fcnk n\u00e9vad\u00f3j\u00e1nak \u00e9s iskol\u00e1nk els\u0151 igazgat\u00f3j\u00e1nak \u00e1ll\u00edt eml\u00e9ket.<\/p>\n\n\n\n<p>A k\u00f6zs\u00e9g sz\u00edv\u00e9ben ter\u00fcl el a 2,8 hekt\u00e1ros <a href=\"https:\/\/nagyhegyes.asp.lgov.hu\/kiserdei-szabadidopark\">Kiserdei Szabadid\u0151park<\/a>, mely a j\u00f3 leveg\u0151 mellett, ki\u00e9p\u00edtett pihen\u0151 \u00e9s f\u0151z\u0151helyeivel valamennyi koroszt\u00e1ly sz\u00e1m\u00e1ra kikapcsol\u00f3d\u00e1st ny\u00fajt. A Kiserdei Szabadid\u0151parkban tal\u00e1lhat\u00f3 az 1850-es \u00e9vek elej\u00e9n-k\u00f6zep\u00e9n \u00e9p\u00edtett k\u00e9sei klasszicista st\u00edlus\u00fa, al\u00e1pinc\u00e9zett, szabadon \u00e1ll\u00f3 f\u00f6ldszintes <a href=\"https:\/\/nagyhegyes.asp.lgov.hu\/rickl-kuria-rickl-antal-vilmos-konyvtar\">Rickl-k\u00faria<\/a>. Terveit feltehet\u0151en a tulajdonos, II. Rickl Antal Vilmos debreceni kalm\u00e1r k\u00e9sz\u00edthette. Az \u00e9p\u00fclet a Rickl csal\u00e1d ny\u00e1ri lakjak\u00e9nt szolg\u00e1lt. Az \u00e9p\u00fcletet az elm\u00falt 60 \u00e9vben szinte teljesen \u00e1talak\u00edtott\u00e1k. Az \u00e1llamos\u00edt\u00e1s ut\u00e1n TSZ irodak\u00e9nt, majd \u00e1ltal\u00e1nos iskolak\u00e9nt (Korom-iskola) haszn\u00e1lt\u00e1k, mely 2001-ig m\u0171k\u00f6d\u00f6tt az \u00e9p\u00fclet falai k\u00f6z\u00f6tt. Azt k\u00f6vet\u0151en gazdas\u00e1gi c\u00e9lokra hasznos\u00edtott\u00e1k a r\u00e9gen szebb napokat meg\u00e9lt k\u00fari\u00e1t. Nagyhegyes K\u00f6zs\u00e9g \u00d6nkorm\u00e1nyzat K\u00e9pvisel\u0151-test\u00fclete 18\/2008. (XI. 24.) \u00f6nkorm\u00e1nyzati rendelet\u00e9vel a Rickl-k\u00faria helyi egyedi v\u00e9delem\u00e9r\u0151l d\u00f6nt\u00f6tt, melynek eredm\u00e9nyek\u00e9nt 2010-ben az \u00f6nkorm\u00e1nyzat a vid\u00e9ki \u00f6r\u00f6ks\u00e9g meg\u0151rz\u00e9se jogc\u00edmen meg\u00edt\u00e9lt MVH-s t\u00e1mogat\u00e1s bevon\u00e1s\u00e1val k\u00fcls\u0151 megjelen\u00e9s\u00e9ben eredeti \u00e1llapotban helyre\u00e1ll\u00edttatta. 2011-ben a K\u00f6nyvt\u00e1r m\u00e9lt\u00f3 helyre tal\u00e1lt az \u00e9p\u00fcletben funkci\u00f3t adva annak meg\u00e9rdemelt hasznos\u00edt\u00e1s\u00e1ra. A m\u00falt tisztelet\u00e9\u00fcl a K\u00f6nyvt\u00e1r a Rickl Antal Vilmos nevet vette fel.<\/p>\n\n\n\n<p>A faluban akt\u00edv egyes\u00fcleti \u00e9s sport\u00e9let zajlik. A sportol\u00e1st k\u00e9t f\u00fcves \u00e9s m\u0171f\u00fcves p\u00e1lya, Sportcentrum, valamint egy Szabadt\u00e9ri Kondipark seg\u00edti.<\/p>\n\n\n\n<p>Minden \u00e9vben megrendez\u00e9sre ker\u00fcl az imm\u00e1r hagyom\u00e1nyosnak tekinthet\u0151 m\u00e1jusi kultur\u00e1lis Hegyesfeszt, valamint az augusztusi Nagyhegyesi Keny\u00e9r\u00fcnnep.<\/p>\n\n\n\n<p>Vend\u00e9geinket az \u00f6nkorm\u00e1nyzati tulajdon\u00fa <a href=\"https:\/\/nagyhegyes.asp.lgov.hu\/krater-apartman\">Kr\u00e1ter Apartmanban<\/a> (7 f\u0151), <a href=\"https:\/\/nagyhegyes.asp.lgov.hu\/rickl-apartman\">Rickl Apartmanban<\/a> (9) \u00e9s a fel\u00faj\u00edtott Vend\u00e9gh\u00e1zban (40 f\u0151) v\u00e1rjuk.<\/p>\n\n\n\n<figure class=\"wp-block-gallery columns-3 is-cropped wp-block-gallery-1 is-layout-flex wp-block-gallery-is-layout-flex\"><ul class=\"blocks-gallery-grid\"><li class=\"blocks-gallery-item\"><figure><img loading=\"lazy\" decoding=\"async\" width=\"683\" height=\"1024\" src=\"https:\/\/www.levendula.nagyhegyes.hu\/wp-content\/uploads\/2021\/03\/Bringatorony-683x1024.jpg\" alt=\"\" data-id=\"86\" data-full-url=\"https:\/\/www.levendula.nagyhegyes.hu\/wp-content\/uploads\/2021\/03\/Bringatorony-scaled.jpg\" data-link=\"https:\/\/www.levendula.nagyhegyes.hu\/?attachment_id=86\" class=\"wp-image-86\" srcset=\"https:\/\/levendula.nagyhegyes.hu\/wp-content\/uploads\/2021\/03\/Bringatorony-683x1024.jpg 683w, https:\/\/levendula.nagyhegyes.hu\/wp-content\/uploads\/2021\/03\/Bringatorony-768x1152.jpg 768w, https:\/\/levendula.nagyhegyes.hu\/wp-content\/uploads\/2021\/03\/Bringatorony-1024x1536.jpg 1024w, https:\/\/levendula.nagyhegyes.hu\/wp-content\/uploads\/2021\/03\/Bringatorony-1365x2048.jpg 1365w, https:\/\/levendula.nagyhegyes.hu\/wp-content\/uploads\/2021\/03\/Bringatorony-960x1440.jpg 960w, https:\/\/levendula.nagyhegyes.hu\/wp-content\/uploads\/2021\/03\/Bringatorony-scaled.jpg 1707w\" sizes=\"auto, (max-width: 683px) 100vw, 683px\" \/><figcaption class=\"blocks-gallery-item__caption\">Bringatorony<\/figcaption><\/figure><\/li><li class=\"blocks-gallery-item\"><figure><img loading=\"lazy\" decoding=\"async\" width=\"1024\" height=\"683\" src=\"https:\/\/www.levendula.nagyhegyes.hu\/wp-content\/uploads\/2021\/03\/HegyesFeszt-1024x683.jpg\" alt=\"\" data-id=\"88\" data-full-url=\"https:\/\/www.levendula.nagyhegyes.hu\/wp-content\/uploads\/2021\/03\/HegyesFeszt-scaled.jpg\" data-link=\"https:\/\/www.levendula.nagyhegyes.hu\/?attachment_id=88\" class=\"wp-image-88\" srcset=\"https:\/\/levendula.nagyhegyes.hu\/wp-content\/uploads\/2021\/03\/HegyesFeszt-1024x683.jpg 1024w, https:\/\/levendula.nagyhegyes.hu\/wp-content\/uploads\/2021\/03\/HegyesFeszt-768x512.jpg 768w, https:\/\/levendula.nagyhegyes.hu\/wp-content\/uploads\/2021\/03\/HegyesFeszt-1536x1024.jpg 1536w, https:\/\/levendula.nagyhegyes.hu\/wp-content\/uploads\/2021\/03\/HegyesFeszt-2048x1365.jpg 2048w, https:\/\/levendula.nagyhegyes.hu\/wp-content\/uploads\/2021\/03\/HegyesFeszt-960x640.jpg 960w\" sizes=\"auto, (max-width: 1024px) 100vw, 1024px\" \/><figcaption class=\"blocks-gallery-item__caption\">Hegyesfeszt<\/figcaption><\/figure><\/li><li class=\"blocks-gallery-item\"><figure><img loading=\"lazy\" decoding=\"async\" width=\"1024\" height=\"775\" src=\"https:\/\/www.levendula.nagyhegyes.hu\/wp-content\/uploads\/2021\/03\/Kadarcsi-csarda-1024x775.jpg\" alt=\"\" data-id=\"89\" data-full-url=\"https:\/\/www.levendula.nagyhegyes.hu\/wp-content\/uploads\/2021\/03\/Kadarcsi-csarda-scaled.jpg\" data-link=\"https:\/\/www.levendula.nagyhegyes.hu\/?attachment_id=89\" class=\"wp-image-89\" srcset=\"https:\/\/levendula.nagyhegyes.hu\/wp-content\/uploads\/2021\/03\/Kadarcsi-csarda-1024x775.jpg 1024w, https:\/\/levendula.nagyhegyes.hu\/wp-content\/uploads\/2021\/03\/Kadarcsi-csarda-768x582.jpg 768w, https:\/\/levendula.nagyhegyes.hu\/wp-content\/uploads\/2021\/03\/Kadarcsi-csarda-1536x1163.jpg 1536w, https:\/\/levendula.nagyhegyes.hu\/wp-content\/uploads\/2021\/03\/Kadarcsi-csarda-2048x1551.jpg 2048w, https:\/\/levendula.nagyhegyes.hu\/wp-content\/uploads\/2021\/03\/Kadarcsi-csarda-960x727.jpg 960w\" sizes=\"auto, (max-width: 1024px) 100vw, 1024px\" \/><figcaption class=\"blocks-gallery-item__caption\">Kadarcsi cs\u00e1rda<\/figcaption><\/figure><\/li><li class=\"blocks-gallery-item\"><figure><img loading=\"lazy\" decoding=\"async\" width=\"1024\" height=\"682\" src=\"https:\/\/www.levendula.nagyhegyes.hu\/wp-content\/uploads\/2021\/03\/Keleti-focsatorna-1024x682.jpg\" alt=\"\" data-id=\"90\" data-full-url=\"https:\/\/www.levendula.nagyhegyes.hu\/wp-content\/uploads\/2021\/03\/Keleti-focsatorna-scaled.jpg\" data-link=\"https:\/\/www.levendula.nagyhegyes.hu\/?attachment_id=90\" class=\"wp-image-90\" srcset=\"https:\/\/levendula.nagyhegyes.hu\/wp-content\/uploads\/2021\/03\/Keleti-focsatorna-1024x682.jpg 1024w, https:\/\/levendula.nagyhegyes.hu\/wp-content\/uploads\/2021\/03\/Keleti-focsatorna-768x511.jpg 768w, https:\/\/levendula.nagyhegyes.hu\/wp-content\/uploads\/2021\/03\/Keleti-focsatorna-1536x1023.jpg 1536w, https:\/\/levendula.nagyhegyes.hu\/wp-content\/uploads\/2021\/03\/Keleti-focsatorna-2048x1363.jpg 2048w, https:\/\/levendula.nagyhegyes.hu\/wp-content\/uploads\/2021\/03\/Keleti-focsatorna-960x639.jpg 960w\" sizes=\"auto, (max-width: 1024px) 100vw, 1024px\" \/><figcaption class=\"blocks-gallery-item__caption\">Keleti-f\u0151csatorna<\/figcaption><\/figure><\/li><li class=\"blocks-gallery-item\"><figure><img loading=\"lazy\" decoding=\"async\" width=\"1024\" height=\"679\" src=\"https:\/\/www.levendula.nagyhegyes.hu\/wp-content\/uploads\/2021\/03\/Kerekparut-1024x679.jpg\" alt=\"\" data-id=\"91\" data-full-url=\"https:\/\/www.levendula.nagyhegyes.hu\/wp-content\/uploads\/2021\/03\/Kerekparut-scaled.jpg\" data-link=\"https:\/\/www.levendula.nagyhegyes.hu\/?attachment_id=91\" class=\"wp-image-91\" srcset=\"https:\/\/levendula.nagyhegyes.hu\/wp-content\/uploads\/2021\/03\/Kerekparut-1024x679.jpg 1024w, https:\/\/levendula.nagyhegyes.hu\/wp-content\/uploads\/2021\/03\/Kerekparut-768x509.jpg 768w, https:\/\/levendula.nagyhegyes.hu\/wp-content\/uploads\/2021\/03\/Kerekparut-1536x1018.jpg 1536w, https:\/\/levendula.nagyhegyes.hu\/wp-content\/uploads\/2021\/03\/Kerekparut-2048x1357.jpg 2048w, https:\/\/levendula.nagyhegyes.hu\/wp-content\/uploads\/2021\/03\/Kerekparut-960x636.jpg 960w\" sizes=\"auto, (max-width: 1024px) 100vw, 1024px\" \/><figcaption class=\"blocks-gallery-item__caption\">Ker\u00e9kp\u00e1r\u00fat<\/figcaption><\/figure><\/li><li class=\"blocks-gallery-item\"><figure><img loading=\"lazy\" decoding=\"async\" width=\"1024\" height=\"683\" src=\"https:\/\/www.levendula.nagyhegyes.hu\/wp-content\/uploads\/2021\/03\/Kiserdei-Szabadidopark-1024x683.jpg\" alt=\"\" data-id=\"92\" data-full-url=\"https:\/\/www.levendula.nagyhegyes.hu\/wp-content\/uploads\/2021\/03\/Kiserdei-Szabadidopark-scaled.jpg\" data-link=\"https:\/\/www.levendula.nagyhegyes.hu\/?attachment_id=92\" class=\"wp-image-92\" srcset=\"https:\/\/levendula.nagyhegyes.hu\/wp-content\/uploads\/2021\/03\/Kiserdei-Szabadidopark-1024x683.jpg 1024w, https:\/\/levendula.nagyhegyes.hu\/wp-content\/uploads\/2021\/03\/Kiserdei-Szabadidopark-768x512.jpg 768w, https:\/\/levendula.nagyhegyes.hu\/wp-content\/uploads\/2021\/03\/Kiserdei-Szabadidopark-1536x1024.jpg 1536w, https:\/\/levendula.nagyhegyes.hu\/wp-content\/uploads\/2021\/03\/Kiserdei-Szabadidopark-2048x1365.jpg 2048w, https:\/\/levendula.nagyhegyes.hu\/wp-content\/uploads\/2021\/03\/Kiserdei-Szabadidopark-960x640.jpg 960w\" sizes=\"auto, (max-width: 1024px) 100vw, 1024px\" \/><figcaption class=\"blocks-gallery-item__caption\">Kiserdei Szabadid\u0151park<\/figcaption><\/figure><\/li><li class=\"blocks-gallery-item\"><figure><img loading=\"lazy\" decoding=\"async\" width=\"1024\" height=\"576\" src=\"https:\/\/www.levendula.nagyhegyes.hu\/wp-content\/uploads\/2021\/03\/Kosztolanyi-Emlekpark-1024x576.jpg\" alt=\"\" data-id=\"93\" data-full-url=\"https:\/\/www.levendula.nagyhegyes.hu\/wp-content\/uploads\/2021\/03\/Kosztolanyi-Emlekpark.jpg\" data-link=\"https:\/\/www.levendula.nagyhegyes.hu\/?attachment_id=93\" class=\"wp-image-93\" srcset=\"https:\/\/levendula.nagyhegyes.hu\/wp-content\/uploads\/2021\/03\/Kosztolanyi-Emlekpark-1024x576.jpg 1024w, https:\/\/levendula.nagyhegyes.hu\/wp-content\/uploads\/2021\/03\/Kosztolanyi-Emlekpark-768x432.jpg 768w, https:\/\/levendula.nagyhegyes.hu\/wp-content\/uploads\/2021\/03\/Kosztolanyi-Emlekpark-1536x863.jpg 1536w, https:\/\/levendula.nagyhegyes.hu\/wp-content\/uploads\/2021\/03\/Kosztolanyi-Emlekpark-2048x1151.jpg 2048w, https:\/\/levendula.nagyhegyes.hu\/wp-content\/uploads\/2021\/03\/Kosztolanyi-Emlekpark-960x540.jpg 960w\" sizes=\"auto, (max-width: 1024px) 100vw, 1024px\" \/><figcaption class=\"blocks-gallery-item__caption\">Kosztol\u00e1nyi Eml\u00e9kpark<\/figcaption><\/figure><\/li><li class=\"blocks-gallery-item\"><figure><img loading=\"lazy\" decoding=\"async\" width=\"683\" height=\"1024\" src=\"https:\/\/www.levendula.nagyhegyes.hu\/wp-content\/uploads\/2021\/03\/Kosztolanyi-szobor-683x1024.jpg\" alt=\"\" data-id=\"94\" data-full-url=\"https:\/\/www.levendula.nagyhegyes.hu\/wp-content\/uploads\/2021\/03\/Kosztolanyi-szobor-scaled.jpg\" data-link=\"https:\/\/www.levendula.nagyhegyes.hu\/?attachment_id=94\" class=\"wp-image-94\" srcset=\"https:\/\/levendula.nagyhegyes.hu\/wp-content\/uploads\/2021\/03\/Kosztolanyi-szobor-683x1024.jpg 683w, https:\/\/levendula.nagyhegyes.hu\/wp-content\/uploads\/2021\/03\/Kosztolanyi-szobor-768x1152.jpg 768w, https:\/\/levendula.nagyhegyes.hu\/wp-content\/uploads\/2021\/03\/Kosztolanyi-szobor-1024x1536.jpg 1024w, https:\/\/levendula.nagyhegyes.hu\/wp-content\/uploads\/2021\/03\/Kosztolanyi-szobor-1365x2048.jpg 1365w, https:\/\/levendula.nagyhegyes.hu\/wp-content\/uploads\/2021\/03\/Kosztolanyi-szobor-960x1440.jpg 960w, https:\/\/levendula.nagyhegyes.hu\/wp-content\/uploads\/2021\/03\/Kosztolanyi-szobor-scaled.jpg 1707w\" sizes=\"auto, (max-width: 683px) 100vw, 683px\" \/><figcaption class=\"blocks-gallery-item__caption\">Kosztol\u00e1nyi-szobor<\/figcaption><\/figure><\/li><li class=\"blocks-gallery-item\"><figure><img loading=\"lazy\" decoding=\"async\" width=\"1024\" height=\"657\" src=\"https:\/\/www.levendula.nagyhegyes.hu\/wp-content\/uploads\/2021\/03\/Krater-keletkezese-1024x657.jpg\" alt=\"\" data-id=\"95\" data-full-url=\"https:\/\/www.levendula.nagyhegyes.hu\/wp-content\/uploads\/2021\/03\/Krater-keletkezese.jpg\" data-link=\"https:\/\/www.levendula.nagyhegyes.hu\/?attachment_id=95\" class=\"wp-image-95\" srcset=\"https:\/\/levendula.nagyhegyes.hu\/wp-content\/uploads\/2021\/03\/Krater-keletkezese-1024x657.jpg 1024w, https:\/\/levendula.nagyhegyes.hu\/wp-content\/uploads\/2021\/03\/Krater-keletkezese-768x493.jpg 768w, https:\/\/levendula.nagyhegyes.hu\/wp-content\/uploads\/2021\/03\/Krater-keletkezese-1536x986.jpg 1536w, https:\/\/levendula.nagyhegyes.hu\/wp-content\/uploads\/2021\/03\/Krater-keletkezese-2048x1314.jpg 2048w, https:\/\/levendula.nagyhegyes.hu\/wp-content\/uploads\/2021\/03\/Krater-keletkezese-960x616.jpg 960w\" sizes=\"auto, (max-width: 1024px) 100vw, 1024px\" \/><figcaption class=\"blocks-gallery-item__caption\">Kr\u00e1ter-t\u00f3 keletkez\u00e9se<\/figcaption><\/figure><\/li><li class=\"blocks-gallery-item\"><figure><img loading=\"lazy\" decoding=\"async\" width=\"800\" height=\"551\" src=\"https:\/\/www.levendula.nagyhegyes.hu\/wp-content\/uploads\/2021\/03\/Krater-to-legi-felvetel.bmp\" alt=\"\" data-id=\"96\" data-full-url=\"https:\/\/www.levendula.nagyhegyes.hu\/wp-content\/uploads\/2021\/03\/Krater-to-legi-felvetel.bmp\" data-link=\"https:\/\/www.levendula.nagyhegyes.hu\/?attachment_id=96\" class=\"wp-image-96\"\/><figcaption class=\"blocks-gallery-item__caption\">Kr\u00e1ter-t\u00f3 l\u00e9gifelv\u00e9tel<\/figcaption><\/figure><\/li><li class=\"blocks-gallery-item\"><figure><img loading=\"lazy\" decoding=\"async\" width=\"1024\" height=\"683\" src=\"https:\/\/www.levendula.nagyhegyes.hu\/wp-content\/uploads\/2021\/03\/Krater-to-1024x683.jpg\" alt=\"\" data-id=\"97\" data-full-url=\"https:\/\/www.levendula.nagyhegyes.hu\/wp-content\/uploads\/2021\/03\/Krater-to-scaled.jpg\" data-link=\"https:\/\/www.levendula.nagyhegyes.hu\/?attachment_id=97\" class=\"wp-image-97\" srcset=\"https:\/\/levendula.nagyhegyes.hu\/wp-content\/uploads\/2021\/03\/Krater-to-1024x683.jpg 1024w, https:\/\/levendula.nagyhegyes.hu\/wp-content\/uploads\/2021\/03\/Krater-to-768x512.jpg 768w, https:\/\/levendula.nagyhegyes.hu\/wp-content\/uploads\/2021\/03\/Krater-to-1536x1024.jpg 1536w, https:\/\/levendula.nagyhegyes.hu\/wp-content\/uploads\/2021\/03\/Krater-to-2048x1365.jpg 2048w, https:\/\/levendula.nagyhegyes.hu\/wp-content\/uploads\/2021\/03\/Krater-to-960x640.jpg 960w\" sizes=\"auto, (max-width: 1024px) 100vw, 1024px\" \/><figcaption class=\"blocks-gallery-item__caption\">Kr\u00e1ter-t\u00f3<\/figcaption><\/figure><\/li><li class=\"blocks-gallery-item\"><figure><img loading=\"lazy\" decoding=\"async\" width=\"1024\" height=\"683\" src=\"https:\/\/www.levendula.nagyhegyes.hu\/wp-content\/uploads\/2021\/03\/Rickl-Antal-Vilmos-Konyvtar-Rickl-kuria-1024x683.jpg\" alt=\"\" data-id=\"98\" data-full-url=\"https:\/\/www.levendula.nagyhegyes.hu\/wp-content\/uploads\/2021\/03\/Rickl-Antal-Vilmos-Konyvtar-Rickl-kuria-scaled.jpg\" data-link=\"https:\/\/www.levendula.nagyhegyes.hu\/?attachment_id=98\" class=\"wp-image-98\" srcset=\"https:\/\/levendula.nagyhegyes.hu\/wp-content\/uploads\/2021\/03\/Rickl-Antal-Vilmos-Konyvtar-Rickl-kuria-1024x683.jpg 1024w, https:\/\/levendula.nagyhegyes.hu\/wp-content\/uploads\/2021\/03\/Rickl-Antal-Vilmos-Konyvtar-Rickl-kuria-768x512.jpg 768w, https:\/\/levendula.nagyhegyes.hu\/wp-content\/uploads\/2021\/03\/Rickl-Antal-Vilmos-Konyvtar-Rickl-kuria-1536x1024.jpg 1536w, https:\/\/levendula.nagyhegyes.hu\/wp-content\/uploads\/2021\/03\/Rickl-Antal-Vilmos-Konyvtar-Rickl-kuria-2048x1365.jpg 2048w, https:\/\/levendula.nagyhegyes.hu\/wp-content\/uploads\/2021\/03\/Rickl-Antal-Vilmos-Konyvtar-Rickl-kuria-960x640.jpg 960w\" sizes=\"auto, (max-width: 1024px) 100vw, 1024px\" \/><figcaption class=\"blocks-gallery-item__caption\">Rickl k\u00faria<\/figcaption><\/figure><\/li><li class=\"blocks-gallery-item\"><figure><img loading=\"lazy\" decoding=\"async\" width=\"960\" height=\"576\" src=\"https:\/\/www.levendula.nagyhegyes.hu\/wp-content\/uploads\/2021\/03\/Turisztikai-terkep.jpg\" alt=\"\" data-id=\"99\" data-full-url=\"https:\/\/www.levendula.nagyhegyes.hu\/wp-content\/uploads\/2021\/03\/Turisztikai-terkep.jpg\" data-link=\"https:\/\/www.levendula.nagyhegyes.hu\/?attachment_id=99\" class=\"wp-image-99\" srcset=\"https:\/\/levendula.nagyhegyes.hu\/wp-content\/uploads\/2021\/03\/Turisztikai-terkep.jpg 960w, https:\/\/levendula.nagyhegyes.hu\/wp-content\/uploads\/2021\/03\/Turisztikai-terkep-768x461.jpg 768w\" sizes=\"auto, (max-width: 960px) 100vw, 960px\" \/><figcaption class=\"blocks-gallery-item__caption\">Turisztikai t\u00e1bla<\/figcaption><\/figure><\/li><\/ul><\/figure>\n","protected":false},"excerpt":{"rendered":"<p>Nagyhegyes 2864 lelkes k\u00f6zs\u00e9g az Alf\u00f6ld nagy kiterjed\u00e9s\u0171 t\u00e1jegys\u00e9g\u00e9n helyezkedik<span class=\"more-dots\"><a href=\"https:\/\/levendula.nagyhegyes.hu\/?page_id=17\">[ &#8230; ]<\/span><\/a><\/p>\n","protected":false},"author":1,"featured_media":0,"parent":0,"menu_order":0,"comment_status":"closed","ping_status":"closed","template":"","meta":{"footnotes":""},"class_list":["post-17","page","type-page","status-publish","hentry"],"_links":{"self":[{"href":"https:\/\/levendula.nagyhegyes.hu\/index.php?rest_route=\/wp\/v2\/pages\/17","targetHints":{"allow":["GET"]}}],"collection":[{"href":"https:\/\/levendula.nagyhegyes.hu\/index.php?rest_route=\/wp\/v2\/pages"}],"about":[{"href":"https:\/\/levendula.nagyhegyes.hu\/index.php?rest_route=\/wp\/v2\/types\/page"}],"author":[{"embeddable":true,"href":"https:\/\/levendula.nagyhegyes.hu\/index.php?rest_route=\/wp\/v2\/users\/1"}],"replies":[{"embeddable":true,"href":"https:\/\/levendula.nagyhegyes.hu\/index.php?rest_route=%2Fwp%2Fv2%2Fcomments&post=17"}],"version-history":[{"count":4,"href":"https:\/\/levendula.nagyhegyes.hu\/index.php?rest_route=\/wp\/v2\/pages\/17\/revisions"}],"predecessor-version":[{"id":129,"href":"https:\/\/levendula.nagyhegyes.hu\/index.php?rest_route=\/wp\/v2\/pages\/17\/revisions\/129"}],"wp:attachment":[{"href":"https:\/\/levendula.nagyhegyes.hu\/index.php?rest_route=%2Fwp%2Fv2%2Fmedia&parent=17"}],"curies":[{"name":"wp","href":"https:\/\/api.w.org\/{rel}","templated":true}]}}