{"id":107,"date":"2021-03-16T13:55:40","date_gmt":"2021-03-16T13:55:40","guid":{"rendered":"https:\/\/www.levendula.nagyhegyes.hu\/?page_id=107"},"modified":"2025-09-22T08:21:16","modified_gmt":"2025-09-22T08:21:16","slug":"foglalas","status":"publish","type":"page","link":"https:\/\/levendula.nagyhegyes.hu\/?page_id=107","title":{"rendered":"\u00c1raj\u00e1nlat"},"content":{"rendered":"\n<p>Levendula Apartman sz\u00e1ll\u00e1shely d\u00edjai 2023. december 21. napj\u00e1t\u00f3l a k\u00f6vetkez\u0151k:<\/p>\n\n\n\n<ul class=\"wp-block-list\">\n<li>a sz\u00e1ll\u00e1shely ig\u00e9nybev\u00e9tel\u00e9nek \u00e1ra feln\u0151ttek r\u00e9sz\u00e9re 10.500 Ft\/f\u0151\/\u00e9j,<\/li>\n\n\n\n<li>a sz\u00e1ll\u00e1shely ig\u00e9nybev\u00e9tel\u00e9nek \u00e1ra 6-14 \u00e9ves kor k\u00f6z\u00f6tti gyermekek sz\u00e1m\u00e1ra 7500 Ft\/f\u0151\/\u00e9j,<\/li>\n\n\n\n<li>a sz\u00e1ll\u00e1shely ig\u00e9nybev\u00e9tele 6 \u00e9ves kor alatt ingyenes,<\/li>\n\n\n\n<li>a minim\u00e1lis foglal\u00e1si id\u0151szak 2 nap.<\/li>\n<\/ul>\n\n\n\n<p>Aj\u00e1nlatk\u00e9r\u00e9s a k\u00f6vetkez\u0151 email c\u00edmen lehets\u00e9ges: &nbsp;nhapartman@gmail.com<\/p>\n\n\n\n<p>A Levendula vend\u00e9gh\u00e1z el\u00e9rhet\u0151 a Szallas.hu fel\u00fclet\u00e9n is. Eg\u00e9sz \u00e9vben foglalhat\u00f3.<\/p>\n\n\n\n<p>Fizet\u00e9si lehet\u0151s\u00e9gek: k\u00e9szp\u00e9nz, \u00e1tutal\u00e1s, bankk\u00e1rtya, SZ\u00c9P-k\u00e1rtya.<\/p>\n\n\n\n<figure class=\"wp-block-image size-large\"><img loading=\"lazy\" decoding=\"async\" width=\"369\" height=\"232\" src=\"https:\/\/www.levendula.nagyhegyes.hu\/wp-content\/uploads\/2021\/03\/Szepkartya.jpg\" alt=\"\" class=\"wp-image-135\"\/><\/figure>\n","protected":false},"excerpt":{"rendered":"<p>Levendula Apartman sz\u00e1ll\u00e1shely d\u00edjai 2023. december 21. napj\u00e1t\u00f3l a k\u00f6vetkez\u0151k:<span class=\"more-dots\"><a href=\"https:\/\/levendula.nagyhegyes.hu\/?page_id=107\">[ &#8230; ]<\/span><\/a><\/p>\n","protected":false},"author":1,"featured_media":0,"parent":0,"menu_order":0,"comment_status":"closed","ping_status":"closed","template":"","meta":{"footnotes":""},"class_list":["post-107","page","type-page","status-publish","hentry"],"_links":{"self":[{"href":"https:\/\/levendula.nagyhegyes.hu\/index.php?rest_route=\/wp\/v2\/pages\/107","targetHints":{"allow":["GET"]}}],"collection":[{"href":"https:\/\/levendula.nagyhegyes.hu\/index.php?rest_route=\/wp\/v2\/pages"}],"about":[{"href":"https:\/\/levendula.nagyhegyes.hu\/index.php?rest_route=\/wp\/v2\/types\/page"}],"author":[{"embeddable":true,"href":"https:\/\/levendula.nagyhegyes.hu\/index.php?rest_route=\/wp\/v2\/users\/1"}],"replies":[{"embeddable":true,"href":"https:\/\/levendula.nagyhegyes.hu\/index.php?rest_route=%2Fwp%2Fv2%2Fcomments&post=107"}],"version-history":[{"count":7,"href":"https:\/\/levendula.nagyhegyes.hu\/index.php?rest_route=\/wp\/v2\/pages\/107\/revisions"}],"predecessor-version":[{"id":163,"href":"https:\/\/levendula.nagyhegyes.hu\/index.php?rest_route=\/wp\/v2\/pages\/107\/revisions\/163"}],"wp:attachment":[{"href":"https:\/\/levendula.nagyhegyes.hu\/index.php?rest_route=%2Fwp%2Fv2%2Fmedia&parent=107"}],"curies":[{"name":"wp","href":"https:\/\/api.w.org\/{rel}","templated":true}]}}